{"id":170,"date":"2024-03-02T12:33:10","date_gmt":"2024-03-02T11:33:10","guid":{"rendered":"https:\/\/escuelavirtual-agentescomerciales.turboformacion.eu\/?page_id=170"},"modified":"2025-02-16T21:41:18","modified_gmt":"2025-02-16T20:41:18","slug":"neuromarketingyventas","status":"publish","type":"page","link":"https:\/\/escuelavirtual-agentescomerciales.turboformacion.eu\/index.php\/neuromarketingyventas\/","title":{"rendered":"Neuromarketing aplicado a las ventas"},"content":{"rendered":"\r\n\r\n\r\n<p><strong>Descripci\u00f3n<\/strong>: El neuromarketing ofrece una perspectiva \u00fanica sobre c\u00f3mo funciona el cerebro humano en el proceso de toma de decisiones de compra. En este curso de 30 horas, exploraremos las principales teor\u00edas, t\u00e9cnicas y aplicaciones del neuromarketing para potenciar las estrategias de ventas y aumentar la efectividad en la persuasi\u00f3n del consumidor.<\/p>\r\n<p>Este curso proporcionar\u00e1 a los participantes una comprensi\u00f3n profunda del neuromarketing y c\u00f3mo aplicarlo de manera efectiva en el contexto de las ventas, mejorando as\u00ed la capacidad para influir en las decisiones de compra del consumidor.<\/p>\r\n<p><strong>Duraci\u00f3n<\/strong>: 30 Horas<\/p>\r\n<p><strong>Temario<\/strong>:<\/p>\r\n<ol start=\"1\" type=\"1\">\r\n<li><b>Fundamentos del Neuromarketing: <\/b><\/li>\r\n<\/ol>\r\n<ol start=\"1\" type=\"1\">\r\n<li style=\"list-style-type: none;\">\r\n<ol start=\"1\" type=\"1\">\r\n<li>Introducci\u00f3n al Neuromarketing y su Importancia en las Estrategias Comerciales.<\/li>\r\n<li>Estudios de mercado.<\/li>\r\n<li>\u00bfPor qu\u00e9 el neuromarketing s\u00ed es eficaz?.<\/li>\r\n<li>Ventajas y desventajas del neuromarketing.<\/li>\r\n<li>Bases neurocient\u00edficas del comportamiento del consumidor.<\/li>\r\n<li>Principales teor\u00edas y enfoques en neuromarketing.<\/li>\r\n<li>\u00c9tica en la aplicaci\u00f3n del neuromarketing en ventas.<\/li>\r\n<li>TEST.<\/li>\r\n<\/ol>\r\n<\/li>\r\n<\/ol>\r\n<ol start=\"2\" type=\"1\">\r\n<li><b>El Cerebro y la memoria: <\/b><\/li>\r\n<\/ol>\r\n<ol start=\"1\" type=\"1\">\r\n<li style=\"list-style-type: none;\">\r\n<ol start=\"1\" type=\"1\">\r\n<li>El Cerebro.<\/li>\r\n<li>El consciente y el inconsciente.<\/li>\r\n<li>La Memoria.<\/li>\r\n<li>TEST.<\/li>\r\n<\/ol>\r\n<\/li>\r\n<\/ol>\r\n<ol start=\"3\" type=\"1\">\r\n<li><b>Neurociencia y Comportamiento del Consumidor:<\/b><\/li>\r\n<\/ol>\r\n<ol start=\"1\" type=\"1\">\r\n<li style=\"list-style-type: none;\">\r\n<ol start=\"1\" type=\"1\">\r\n<li>Introducci\u00f3n a la Neurociencia.<\/li>\r\n<li>Historia de la neurociencia.<\/li>\r\n<li>Historia del Neuromarketing.<\/li>\r\n<li>Procesos cognitivos y emocionales en la toma de decisiones de compra.<\/li>\r\n<li>Anatom\u00eda y funcionamiento del cerebro relacionados con el consumo.<\/li>\r\n<li>Influencia de factores neurol\u00f3gicos en la percepci\u00f3n del producto y la marca.<\/li>\r\n<li>Aplicaciones pr\u00e1cticas de la neurociencia en la segmentaci\u00f3n de mercado.<\/li>\r\n<li>Comportamiento del consumidor.<\/li>\r\n<li>TEST.<\/li>\r\n<\/ol>\r\n<\/li>\r\n<\/ol>\r\n<ol start=\"4\" type=\"1\">\r\n<li><b>Neurociencia Sensorial y Dise\u00f1o de Producto:<\/b><\/li>\r\n<\/ol>\r\n<ol start=\"1\" type=\"1\">\r\n<li style=\"list-style-type: none;\">\r\n<ol start=\"1\" type=\"1\">\r\n<li>Impacto de los est\u00edmulos sensoriales en la experiencia del consumidor.<\/li>\r\n<li>Dise\u00f1o de producto basado en principios neurosensoriales.<\/li>\r\n<li>Utilizaci\u00f3n de colores, formas, texturas y sonidos para influir en las decisiones de compra.<\/li>\r\n<li>50 Ejemplos y casos de estudio de \u00e9xito en el dise\u00f1o de productos.<\/li>\r\n<li>TEST.<\/li>\r\n<\/ol>\r\n<\/li>\r\n<\/ol>\r\n<ol start=\"5\" type=\"1\">\r\n<li><b>Neurociencia del Pricing y la Promoci\u00f3n: <\/b><\/li>\r\n<\/ol>\r\n<ol start=\"1\" type=\"1\">\r\n<li style=\"list-style-type: none;\">\r\n<ol start=\"1\" type=\"1\">\r\n<li>Estrategias de Fijaci\u00f3n de Precios Basadas en la Neurociencia del Consumidor.<\/li>\r\n<li>Efecto de los descuentos, ofertas y promociones en el cerebro del consumidor.<\/li>\r\n<li>T\u00e9cnicas de neuromarketing aplicadas a la promoci\u00f3n de productos y servicios.<\/li>\r\n<li>Neuromarketing Visual.<\/li>\r\n<li>Neuromarketing Sensorial.<\/li>\r\n<li>Neuromarketing Emocional.<\/li>\r\n<li>Neuromarketing Social.<\/li>\r\n<li>Neuromarketing Digital.<\/li>\r\n<li>60 Casos pr\u00e1cticos de \u00e9xito en la implementaci\u00f3n de estrategias de pricing y promoci\u00f3n.<\/li>\r\n<li>TEST.<\/li>\r\n<\/ol>\r\n<\/li>\r\n<\/ol>\r\n<ol start=\"6\" type=\"1\">\r\n<li><b>Neuromarketing Digital y Experiencia del Usuario:<\/b><\/li>\r\n<\/ol>\r\n<ol start=\"1\" type=\"1\">\r\n<li style=\"list-style-type: none;\">\r\n<ol start=\"1\" type=\"1\">\r\n<li>Aplicaci\u00f3n del neuromarketing en entornos digitales y online.<\/li>\r\n<li>Dise\u00f1o de p\u00e1ginas web, interfaces y aplicaciones m\u00f3viles centrado en el usuario.<\/li>\r\n<li>Uso de neuroanalytics y eye-tracking para optimizar la experiencia del usuario.<\/li>\r\n<li>Estrategias de neuromarketing en redes sociales, publicidad en l\u00ednea y comercio electr\u00f3nico.<\/li>\r\n<li>Neuromarketing web.<\/li>\r\n<li>Caso pr\u00e1ctico de neuromarketing en p\u00e1gina web.<\/li>\r\n<li>TEST.<\/li>\r\n<\/ol>\r\n<\/li>\r\n<\/ol>\r\n<ol start=\"7\" type=\"1\">\r\n<li><b>Neuromarketing en la Estrategia de Ventas:<\/b><\/li>\r\n<\/ol>\r\n<ol start=\"1\" type=\"1\">\r\n<li style=\"list-style-type: none;\">\r\n<ol start=\"1\" type=\"1\">\r\n<li>Integraci\u00f3n del neuromarketing en el proceso de ventas.<\/li>\r\n<li>T\u00e9cnicas de persuasi\u00f3n basadas en principios neurol\u00f3gicos.<\/li>\r\n<li>Construcci\u00f3n de mensajes y argumentos de venta efectivos.<\/li>\r\n<li>Personalizaci\u00f3n de estrategias de ventas seg\u00fan el perfil neurol\u00f3gico del cliente.<\/li>\r\n<li>Neuroventas.<\/li>\r\n<li>Neuromarketing en los negocios.<\/li>\r\n<li>Neurodise\u00f1o.<\/li>\r\n<li>Neuropublicidad.<\/li>\r\n<li>Neuroinsight.<\/li>\r\n<li>TEST.<\/li>\r\n<\/ol>\r\n<\/li>\r\n<\/ol>\r\n<ol start=\"8\" type=\"1\">\r\n<li><b>Neuromarketing en el Punto de Ventas:<\/b><\/li>\r\n<\/ol>\r\n<ol start=\"1\" type=\"1\">\r\n<li style=\"list-style-type: none;\">\r\n<ol start=\"1\" type=\"1\">\r\n<li>El Punto de Ventas.<\/li>\r\n<li>Ejemplos de t\u00e9cnicas sensoriales en el punto de venta.<\/li>\r\n<li>La luz en el neuromarketing.<\/li>\r\n<li>La m\u00fasica en el neuromarketing.<\/li>\r\n<li>El Tacto en el neuromarketing.<\/li>\r\n<li>El Olfato en el neuromarketing.<\/li>\r\n<li>El gusto en el Neuromarketing.<\/li>\r\n<li>Los colores en el Neuromarketing.<\/li>\r\n<li>TEST.<\/li>\r\n<li>EXAMEN FINAL.<\/li>\r\n<\/ol>\r\n<\/li>\r\n<\/ol>\r\n<div class=\"wp-block-group alignwide\">\u00a0<\/div>\r\n","protected":false},"excerpt":{"rendered":"<p>Descripci\u00f3n: El neuromarketing ofrece una perspectiva \u00fanica sobre c\u00f3mo funciona el cerebro humano en el proceso de toma de decisiones de compra. En este curso de 30 horas, exploraremos las principales teor\u00edas, t\u00e9cnicas y aplicaciones del neuromarketing para potenciar las estrategias de ventas y aumentar la efectividad en la persuasi\u00f3n del consumidor. Este curso proporcionar\u00e1 [&hellip;]<\/p>\n","protected":false},"author":1,"featured_media":0,"parent":0,"menu_order":0,"comment_status":"closed","ping_status":"closed","template":"","meta":{"footnotes":""},"_links":{"self":[{"href":"https:\/\/escuelavirtual-agentescomerciales.turboformacion.eu\/index.php\/wp-json\/wp\/v2\/pages\/170"}],"collection":[{"href":"https:\/\/escuelavirtual-agentescomerciales.turboformacion.eu\/index.php\/wp-json\/wp\/v2\/pages"}],"about":[{"href":"https:\/\/escuelavirtual-agentescomerciales.turboformacion.eu\/index.php\/wp-json\/wp\/v2\/types\/page"}],"author":[{"embeddable":true,"href":"https:\/\/escuelavirtual-agentescomerciales.turboformacion.eu\/index.php\/wp-json\/wp\/v2\/users\/1"}],"replies":[{"embeddable":true,"href":"https:\/\/escuelavirtual-agentescomerciales.turboformacion.eu\/index.php\/wp-json\/wp\/v2\/comments?post=170"}],"version-history":[{"count":3,"href":"https:\/\/escuelavirtual-agentescomerciales.turboformacion.eu\/index.php\/wp-json\/wp\/v2\/pages\/170\/revisions"}],"predecessor-version":[{"id":230,"href":"https:\/\/escuelavirtual-agentescomerciales.turboformacion.eu\/index.php\/wp-json\/wp\/v2\/pages\/170\/revisions\/230"}],"wp:attachment":[{"href":"https:\/\/escuelavirtual-agentescomerciales.turboformacion.eu\/index.php\/wp-json\/wp\/v2\/media?parent=170"}],"curies":[{"name":"wp","href":"https:\/\/api.w.org\/{rel}","templated":true}]}}