{"id":19,"date":"2024-02-10T19:12:31","date_gmt":"2024-02-10T18:12:31","guid":{"rendered":"https:\/\/escuelavirtual-agentescomerciales.turboformacion.eu\/?page_id=19"},"modified":"2025-09-13T18:51:14","modified_gmt":"2025-09-13T16:51:14","slug":"plataforma-elearning-de-formacion-2","status":"publish","type":"page","link":"https:\/\/escuelavirtual-agentescomerciales.turboformacion.eu\/index.php\/plataforma-elearning-de-formacion-2\/","title":{"rendered":"Cat\u00e1logo de Formaci\u00f3n"},"content":{"rendered":"\r\n\r\n\r\n\r\n\r\n<p style=\"text-align: center;\">Tu <strong>T\u00edtulo de Agente Comercial Digital<\/strong>, expedido por la <strong>FUNDACI\u00d3N DE LOS AGENTES COMERCIALES DE ESPA\u00d1A<\/strong>.<\/p>\r\n<div class=\"wp-block-columns\">\r\n<table class=\" aligncenter\" style=\"height: 232px;\" width=\"603\">\r\n<tbody>\r\n<tr>\r\n<td><em><strong><span style=\"color: #ff6600;\">T\u00cdTULO DE AGENTE COMERCIAL DIGITAL<\/span><br \/><\/strong><\/em><\/td>\r\n<td class=\"has-text-align-center\" data-align=\"center\"><span style=\"color: #ff6600;\"><strong>HORAS<\/strong><\/span><\/td>\r\n<\/tr>\r\n<tr>\r\n<td><strong>&#8211; <a href=\"https:\/\/escuelavirtual-agentescomerciales.turboformacion.eu\/index.php\/agentecomercialdigital\/\">Agente Comercial Digital: Introducci\u00f3n<\/a><\/strong><\/td>\r\n<td class=\"has-text-align-center\" data-align=\"center\"><strong>\u00a0\u00a0 10<\/strong><\/td>\r\n<\/tr>\r\n<tr>\r\n<td><strong>&#8211; <a href=\"https:\/\/escuelavirtual-agentescomerciales.turboformacion.eu\/index.php\/tecnicasdeventas2\">T\u00e9cnicas de venta 2.0<\/a><\/strong><\/td>\r\n<td class=\"has-text-align-center\" data-align=\"center\"><strong>\u00a0\u00a0 30<\/strong><\/td>\r\n<\/tr>\r\n<tr>\r\n<td><strong>&#8211; <a href=\"https:\/\/escuelavirtual-agentescomerciales.turboformacion.eu\/index.php\/atencionyventaonline\/\">Atenci\u00f3n y venta Online<\/a><\/strong><\/td>\r\n<td class=\"has-text-align-center\" data-align=\"center\"><strong>\u00a0\u00a0 30<\/strong><\/td>\r\n<\/tr>\r\n<tr>\r\n<td><strong>&#8211; <a href=\"https:\/\/escuelavirtual-agentescomerciales.turboformacion.eu\/index.php\/neuromarketingyventas\/\">Neuromarketing aplicado a las ventas<\/a><\/strong><\/td>\r\n<td class=\"has-text-align-center\" data-align=\"center\"><strong>\u00a0\u00a0 30<\/strong><\/td>\r\n<\/tr>\r\n<tr>\r\n<td><strong>&#8211; <a href=\"https:\/\/escuelavirtual-agentescomerciales.turboformacion.eu\/index.php\/atencionyventatelefonica\/\">Atenci\u00f3n y venta Telef\u00f3nica<\/a><\/strong><\/td>\r\n<td class=\"has-text-align-center\" data-align=\"center\"><strong>\u00a0\u00a0 30<\/strong><\/td>\r\n<\/tr>\r\n<tr>\r\n<td>\r\n<p><strong>&#8211; <a href=\"https:\/\/escuelavirtual-agentescomerciales.turboformacion.eu\/index.php\/herramientasdeapoyoventas\/\">Herramientas de apoyo a la comercializaci\u00f3n y <\/a><\/strong><strong><a href=\"https:\/\/escuelavirtual-agentescomerciales.turboformacion.eu\/index.php\/herramientasdeapoyoventas\/\">ventas<\/a><\/strong><\/p>\r\n<\/td>\r\n<td class=\"has-text-align-center\" data-align=\"center\"><strong>\u00a0\u00a0 30<\/strong><\/td>\r\n<\/tr>\r\n<\/tbody>\r\n<\/table>\r\n<\/div>\r\n<div class=\"wp-block-column\" style=\"text-align: center;\">\u00a0<\/div>\r\n<div><i>Puedes realizar cualquiera de estos cursos y obtener tu diploma acreditativo. Pero si prefieres obtener el T\u00edtulo de Agente Comercial Digital, realiza todos estos cursos y si lo apruebas, podr\u00e1s obtener este t\u00edtulo que expide la Fundaci\u00f3n para todos aquellos Agentes Comerciales Colegiados que superen satisfactoriamente estos seis cursos. M\u00e1s informaci\u00f3n en <a class=\"mailto-link\" href=\"mailto:teaayudamos@cgac.es\" target=\"_blank\" rel=\"noopener\">teaayudamos@cgac.es<\/a><\/i><\/div>\r\n","protected":false},"excerpt":{"rendered":"<p>Tu T\u00edtulo de Agente Comercial Digital, expedido por la FUNDACI\u00d3N DE LOS AGENTES COMERCIALES DE ESPA\u00d1A. T\u00cdTULO DE AGENTE COMERCIAL DIGITAL HORAS &#8211; Agente Comercial Digital: Introducci\u00f3n \u00a0\u00a0 10 &#8211; T\u00e9cnicas de venta 2.0 \u00a0\u00a0 30 &#8211; Atenci\u00f3n y venta Online \u00a0\u00a0 30 &#8211; Neuromarketing aplicado a las ventas \u00a0\u00a0 30 &#8211; Atenci\u00f3n y venta [&hellip;]<\/p>\n","protected":false},"author":1,"featured_media":0,"parent":0,"menu_order":0,"comment_status":"closed","ping_status":"closed","template":"","meta":{"footnotes":""},"_links":{"self":[{"href":"https:\/\/escuelavirtual-agentescomerciales.turboformacion.eu\/index.php\/wp-json\/wp\/v2\/pages\/19"}],"collection":[{"href":"https:\/\/escuelavirtual-agentescomerciales.turboformacion.eu\/index.php\/wp-json\/wp\/v2\/pages"}],"about":[{"href":"https:\/\/escuelavirtual-agentescomerciales.turboformacion.eu\/index.php\/wp-json\/wp\/v2\/types\/page"}],"author":[{"embeddable":true,"href":"https:\/\/escuelavirtual-agentescomerciales.turboformacion.eu\/index.php\/wp-json\/wp\/v2\/users\/1"}],"replies":[{"embeddable":true,"href":"https:\/\/escuelavirtual-agentescomerciales.turboformacion.eu\/index.php\/wp-json\/wp\/v2\/comments?post=19"}],"version-history":[{"count":66,"href":"https:\/\/escuelavirtual-agentescomerciales.turboformacion.eu\/index.php\/wp-json\/wp\/v2\/pages\/19\/revisions"}],"predecessor-version":[{"id":263,"href":"https:\/\/escuelavirtual-agentescomerciales.turboformacion.eu\/index.php\/wp-json\/wp\/v2\/pages\/19\/revisions\/263"}],"wp:attachment":[{"href":"https:\/\/escuelavirtual-agentescomerciales.turboformacion.eu\/index.php\/wp-json\/wp\/v2\/media?parent=19"}],"curies":[{"name":"wp","href":"https:\/\/api.w.org\/{rel}","templated":true}]}}