{"id":254,"date":"2025-05-20T20:14:42","date_gmt":"2025-05-20T18:14:42","guid":{"rendered":"https:\/\/escuelavirtual-agentescomerciales.turboformacion.eu\/?page_id=254"},"modified":"2025-05-20T20:16:41","modified_gmt":"2025-05-20T18:16:41","slug":"solicita-tu-curso","status":"publish","type":"page","link":"https:\/\/escuelavirtual-agentescomerciales.turboformacion.eu\/index.php\/solicita-tu-curso\/","title":{"rendered":"Solicita tu curso"},"content":{"rendered":"<h2 style=\"text-align: center;\"><strong>SIGUE ESTOS PASOS PARA SOLICITAR TU CURSO ONLINE GRATUITO<\/strong><\/h2>\n<p>Paso 1:\u00a0 Ser Agente Comercial Colegiado.<\/p>\n<p>Paso 2: <a href=\"https:\/\/escuelavirtual-agentescomerciales.turboformacion.eu\/index.php\/registro\/\">Registrarte<\/a> en el curso que quieras realizar y solicitar la clave en alguno de los formularios de esta plataforma elearning.<\/p>\n<p>Paso 3: En tres o cuatro d\u00edas laborables recibir\u00e1s en tu correo electr\u00f3nico la clave para empezar el curso seleccionado.<\/p>\n<p>Paso 4: Todo listo. Ya puedes acceder a tu \u00e1rea de nuestra plataforma virtual para poder realizar el curso seleccionado.<\/p>\n<h3 style=\"text-align: center;\"><strong>Podr\u00e1s solicitar tantos cursos como desees siempre que hayas terminado el anterior<\/strong>.<\/h3>\n<p>&nbsp;<\/p>\n","protected":false},"excerpt":{"rendered":"<p>SIGUE ESTOS PASOS PARA SOLICITAR TU CURSO ONLINE GRATUITO Paso 1:\u00a0 Ser Agente Comercial Colegiado. Paso 2: Registrarte en el curso que quieras realizar y solicitar la clave en alguno de los formularios de esta plataforma elearning. Paso 3: En tres o cuatro d\u00edas laborables recibir\u00e1s en tu correo electr\u00f3nico la clave para empezar el [&hellip;]<\/p>\n","protected":false},"author":1,"featured_media":0,"parent":0,"menu_order":0,"comment_status":"closed","ping_status":"closed","template":"","meta":{"footnotes":""},"_links":{"self":[{"href":"https:\/\/escuelavirtual-agentescomerciales.turboformacion.eu\/index.php\/wp-json\/wp\/v2\/pages\/254"}],"collection":[{"href":"https:\/\/escuelavirtual-agentescomerciales.turboformacion.eu\/index.php\/wp-json\/wp\/v2\/pages"}],"about":[{"href":"https:\/\/escuelavirtual-agentescomerciales.turboformacion.eu\/index.php\/wp-json\/wp\/v2\/types\/page"}],"author":[{"embeddable":true,"href":"https:\/\/escuelavirtual-agentescomerciales.turboformacion.eu\/index.php\/wp-json\/wp\/v2\/users\/1"}],"replies":[{"embeddable":true,"href":"https:\/\/escuelavirtual-agentescomerciales.turboformacion.eu\/index.php\/wp-json\/wp\/v2\/comments?post=254"}],"version-history":[{"count":2,"href":"https:\/\/escuelavirtual-agentescomerciales.turboformacion.eu\/index.php\/wp-json\/wp\/v2\/pages\/254\/revisions"}],"predecessor-version":[{"id":257,"href":"https:\/\/escuelavirtual-agentescomerciales.turboformacion.eu\/index.php\/wp-json\/wp\/v2\/pages\/254\/revisions\/257"}],"wp:attachment":[{"href":"https:\/\/escuelavirtual-agentescomerciales.turboformacion.eu\/index.php\/wp-json\/wp\/v2\/media?parent=254"}],"curies":[{"name":"wp","href":"https:\/\/api.w.org\/{rel}","templated":true}]}}