{"id":9,"date":"2024-02-10T17:53:06","date_gmt":"2024-02-10T16:53:06","guid":{"rendered":"https:\/\/escuelavirtual-agentescomerciales.turboformacion.eu\/?page_id=9"},"modified":"2026-02-11T21:18:16","modified_gmt":"2026-02-11T20:18:16","slug":"escuela-virtual-de-formacion-2","status":"publish","type":"page","link":"https:\/\/escuelavirtual-agentescomerciales.turboformacion.eu\/","title":{"rendered":"ESCUELA VIRTUAL DE FORMACI\u00d3N  DE LOS AGENTES COMERCIALES"},"content":{"rendered":"\n\n\n<figure class=\"wp-block-image size-large is-resized\"><img loading=\"lazy\" decoding=\"async\" width=\"1024\" height=\"576\" src=\"https:\/\/escuelavirtual-agentescomerciales.turboformacion.eu\/wp-content\/uploads\/2024\/02\/elearning-1024x576.jpeg\" alt=\"\" class=\"wp-image-52\" style=\"width:953px;height:auto\" srcset=\"https:\/\/escuelavirtual-agentescomerciales.turboformacion.eu\/wp-content\/uploads\/2024\/02\/elearning-1024x576.jpeg 1024w, https:\/\/escuelavirtual-agentescomerciales.turboformacion.eu\/wp-content\/uploads\/2024\/02\/elearning-300x169.jpeg 300w, https:\/\/escuelavirtual-agentescomerciales.turboformacion.eu\/wp-content\/uploads\/2024\/02\/elearning-768x432.jpeg 768w, https:\/\/escuelavirtual-agentescomerciales.turboformacion.eu\/wp-content\/uploads\/2024\/02\/elearning-1536x864.jpeg 1536w, https:\/\/escuelavirtual-agentescomerciales.turboformacion.eu\/wp-content\/uploads\/2024\/02\/elearning.jpeg 2048w\" sizes=\"(max-width: 1024px) 100vw, 1024px\" \/><\/figure>\n\n\n\n<p class=\"has-text-align-center has-large-font-size\"><p>Como parte del Plan de Fomento del Autoempleo y la Cultura Emprendedora de los Agentes Comerciales, ahora puedes obtener formaci\u00f3n y capacitaci\u00f3n como profesional aut\u00f3nomo dentro de la profesi\u00f3n m\u00e1s demandada por las empresas espa\u00f1olas, Agente Comercial Colegiado.\u00a0<\/p> <p>Selecciona tu curso gratuito y prepara tu itinerario formativo para obtener, entre otros, el nuevo <b>T\u00cdTULO DE AGENTE COMERCIAL DIGITAL, <\/b>con todas las garant\u00edas de la Fundaci\u00f3n de los Agentes Comerciales de Espa\u00f1a.\u00a0<\/p> <p style=\"text-align: center;\"><b>Reg\u00edstrate <a href=\"https:\/\/escuelavirtual-agentescomerciales.turboformacion.eu\/index.php\/registro\/\">aqu\u00ed<\/a>. <\/b>(Pinche aqu\u00ed para solicitar la clave del curso)<\/p> <p style=\"text-align: center;\"><b>Consulta <a href=\"https:\/\/escuelavirtual-agentescomerciales.turboformacion.eu\/index.php\/plataforma-elearning-de-formacion-2\/\">aqu\u00ed el cat\u00e1logo de cursos<\/a>. <\/b><\/p> <p style=\"text-align: center;\"><b>Inf\u00f3rmate sobre el T\u00edtulo de Agente Comercial Digital:\u00a0 <a class=\"mailto-link\" href=\"mailto:teayudamos@cgac.es\" target=\"_blank\" rel=\"noopener\">teayudamos@cgac.es<\/a><br><\/b><\/p> <p style=\"text-align: center;\">\u00a0<\/p> <p style=\"text-align: center;\"><img loading=\"lazy\" decoding=\"async\" width=\"363\" height=\"81\" class=\"wp-image-212 aligncenter\" src=\"https:\/\/escuelavirtual-agentescomerciales.turboformacion.eu\/wp-content\/uploads\/2025\/02\/Fundacion-AC_Logo.horizontal-1024x229.png\" alt=\"\" srcset=\"https:\/\/escuelavirtual-agentescomerciales.turboformacion.eu\/wp-content\/uploads\/2025\/02\/Fundacion-AC_Logo.horizontal-1024x229.png 1024w, https:\/\/escuelavirtual-agentescomerciales.turboformacion.eu\/wp-content\/uploads\/2025\/02\/Fundacion-AC_Logo.horizontal-300x67.png 300w, https:\/\/escuelavirtual-agentescomerciales.turboformacion.eu\/wp-content\/uploads\/2025\/02\/Fundacion-AC_Logo.horizontal-768x171.png 768w, https:\/\/escuelavirtual-agentescomerciales.turboformacion.eu\/wp-content\/uploads\/2025\/02\/Fundacion-AC_Logo.horizontal-1536x343.png 1536w, https:\/\/escuelavirtual-agentescomerciales.turboformacion.eu\/wp-content\/uploads\/2025\/02\/Fundacion-AC_Logo.horizontal-2048x457.png 2048w\" sizes=\"(max-width: 363px) 100vw, 363px\" \/><\/p> <p style=\"text-align: center;\">Con la colaboraci\u00f3n de:<\/p> <p>\u00a0<\/p> <p style=\"text-align: center;\"><img loading=\"lazy\" decoding=\"async\" width=\"311\" height=\"61\" class=\"aligncenter  wp-image-238\" src=\"https:\/\/escuelavirtual-agentescomerciales.turboformacion.eu\/wp-content\/uploads\/2025\/02\/logotipo-ministerio-2024-1024x201.jpg\" alt=\"\" srcset=\"https:\/\/escuelavirtual-agentescomerciales.turboformacion.eu\/wp-content\/uploads\/2025\/02\/logotipo-ministerio-2024-1024x201.jpg 1024w, https:\/\/escuelavirtual-agentescomerciales.turboformacion.eu\/wp-content\/uploads\/2025\/02\/logotipo-ministerio-2024-300x59.jpg 300w, https:\/\/escuelavirtual-agentescomerciales.turboformacion.eu\/wp-content\/uploads\/2025\/02\/logotipo-ministerio-2024-768x151.jpg 768w, https:\/\/escuelavirtual-agentescomerciales.turboformacion.eu\/wp-content\/uploads\/2025\/02\/logotipo-ministerio-2024.jpg 1459w\" sizes=\"(max-width: 311px) 100vw, 311px\" \/><\/p> <p style=\"text-align: center;\">\u00a0<\/p> <p style=\"text-align: center;\"><b>Copyright 2025 @\u00a0 Fundaci\u00f3n de los Agentes Comerciales<\/b><\/p> <p>\u00a0<\/p> <div>\u00a0<\/div><\/p>\n","protected":false},"excerpt":{"rendered":"<p>Como parte del Plan de Fomento del Autoempleo y la Cultura Emprendedora de los Agentes Comerciales, ahora puedes obtener formaci\u00f3n y capacitaci\u00f3n como profesional aut\u00f3nomo dentro de la profesi\u00f3n m\u00e1s demandada por las empresas espa\u00f1olas, Agente Comercial Colegiado.\u00a0 Selecciona tu curso gratuito y prepara tu itinerario formativo para obtener, entre otros, el nuevo T\u00cdTULO DE [&hellip;]<\/p>\n","protected":false},"author":1,"featured_media":0,"parent":0,"menu_order":0,"comment_status":"closed","ping_status":"closed","template":"","meta":{"footnotes":""},"_links":{"self":[{"href":"https:\/\/escuelavirtual-agentescomerciales.turboformacion.eu\/index.php\/wp-json\/wp\/v2\/pages\/9"}],"collection":[{"href":"https:\/\/escuelavirtual-agentescomerciales.turboformacion.eu\/index.php\/wp-json\/wp\/v2\/pages"}],"about":[{"href":"https:\/\/escuelavirtual-agentescomerciales.turboformacion.eu\/index.php\/wp-json\/wp\/v2\/types\/page"}],"author":[{"embeddable":true,"href":"https:\/\/escuelavirtual-agentescomerciales.turboformacion.eu\/index.php\/wp-json\/wp\/v2\/users\/1"}],"replies":[{"embeddable":true,"href":"https:\/\/escuelavirtual-agentescomerciales.turboformacion.eu\/index.php\/wp-json\/wp\/v2\/comments?post=9"}],"version-history":[{"count":56,"href":"https:\/\/escuelavirtual-agentescomerciales.turboformacion.eu\/index.php\/wp-json\/wp\/v2\/pages\/9\/revisions"}],"predecessor-version":[{"id":264,"href":"https:\/\/escuelavirtual-agentescomerciales.turboformacion.eu\/index.php\/wp-json\/wp\/v2\/pages\/9\/revisions\/264"}],"wp:attachment":[{"href":"https:\/\/escuelavirtual-agentescomerciales.turboformacion.eu\/index.php\/wp-json\/wp\/v2\/media?parent=9"}],"curies":[{"name":"wp","href":"https:\/\/api.w.org\/{rel}","templated":true}]}}